{"id":1031,"date":"2020-01-23T21:46:51","date_gmt":"2020-01-23T21:46:51","guid":{"rendered":"https:\/\/lamoliciedeagullo.com\/?page_id=1031"},"modified":"2020-04-10T11:12:03","modified_gmt":"2020-04-10T11:12:03","slug":"recetas","status":"publish","type":"page","link":"https:\/\/test.lamoliciedeagullo.com\/?page_id=1031","title":{"rendered":"Recetas"},"content":{"rendered":"<p>[vc_row][vc_column]\n\t<section class=\"cf block loop-list\" data-id=\"19\">\n\t\n\t\t\n\t\t\t\t\t\n\t\t\t<div class=\"block-head block-head-b\">\n\t\t\t\t<h4 class=\"title\"><a href=\"https:\/\/test.lamoliciedeagullo.com\/?cat=29\">Recetas<\/a><\/h4>\n\t\t\t\t\n\t\t\t\t\t\t\t\n\t\t\t<\/div>\t\n\t\t\t\n\t\t\n\t\t\t\t\n\t\t\t\t\n\t\t<div class=\"block-content\">\n\t\t\n\t<div class=\"posts-dynamic posts-container ts-row list count-0\">\n\t\t\t\n\t\t\t\t\t\n\t\t\t\t\t\t\n\t\t\t\t\t\t\t\n\t\t\t\t\t\t\t\t\n\t\t\t\t<div class=\"posts-wrap\">\t\t\t\t\n\t\t\t\t\t\t\n\t\t\t\t\t\t\n\t\t\t\t\t\t\t\t\n\t\t\t\t\t<div class=\"col-12\">\n\t\t\t\t\t\t\n<article id=\"post-2878\" class=\"list-post list-post-a\">\n\t\n\t<div class=\"post-thumb\">\n\n\t\t<a href=\"https:\/\/test.lamoliciedeagullo.com\/?p=2878\" class=\"image-link media-ratio ar-cheerup-list\"><span data-bgsrc=\"https:\/\/test.lamoliciedeagullo.com\/wp-content\/uploads\/2022\/06\/20220604_141010_edited-768x499.jpg\" class=\"img bg-cover wp-post-image attachment-cheerup-768 size-cheerup-768 lazyload\" data-bgset=\"https:\/\/test.lamoliciedeagullo.com\/wp-content\/uploads\/2022\/06\/20220604_141010_edited-768x499.jpg 768w, https:\/\/test.lamoliciedeagullo.com\/wp-content\/uploads\/2022\/06\/20220604_141010_edited-300x195.jpg 300w, https:\/\/test.lamoliciedeagullo.com\/wp-content\/uploads\/2022\/06\/20220604_141010_edited-1024x666.jpg 1024w, https:\/\/test.lamoliciedeagullo.com\/wp-content\/uploads\/2022\/06\/20220604_141010_edited-450x293.jpg 450w, https:\/\/test.lamoliciedeagullo.com\/wp-content\/uploads\/2022\/06\/20220604_141010_edited-1170x761.jpg 1170w, https:\/\/test.lamoliciedeagullo.com\/wp-content\/uploads\/2022\/06\/20220604_141010_edited.jpg 1349w\" data-sizes=\"(max-width: 260px) 100vw, 260px\" role=\"img\" aria-label=\"&quot;Receteando la cocina canaria&quot;. Rosa Ventura.\"><\/span><\/a>\n\t\t\n\t\t\n\t\t\t<\/div>\n\n\n\t<div class=\"content\">\n\t\n\t\t<div class=\"post-meta post-meta-a post-meta-left\"><div class=\"meta-above\"><span class=\"post-cat\">\n\t\t\t\t\t\t\n\t\t\t\t\t\t<a href=\"https:\/\/test.lamoliciedeagullo.com\/?cat=29\" class=\"category\" rel=\"category\">Recetas<\/a>\n\t\t\t\t\t<\/span>\n\t\t\t\t\t <span class=\"meta-sep\"><\/span> <a href=\"https:\/\/test.lamoliciedeagullo.com\/?p=2878\" class=\"meta-item date-link\">\n\t\t\t\t\t\t<time class=\"post-date\" datetime=\"2022-06-04T13:48:03+00:00\">4 junio 2022<\/time>\n\t\t\t\t\t<\/a><\/div><h2 class=\"is-title post-title\"><a href=\"https:\/\/test.lamoliciedeagullo.com\/?p=2878\">\u00abRec(s)eteando la cocina canaria\u00bb, update de recetas tradicionales por Rosa Ventura<\/a><\/h2><\/div>\t\t\n\t\t\t\t\n\t\t<div class=\"post-content post-excerpt cf\">\n\t\t\t\t\t\n\t\t\t<p>A Rosa Ventura le apasiona cocinar y eso lo sabemos todo los que seguimos su blog desde hace 10 a\u00f1os: lapalmerarosa.com, sin duda, germen&hellip;<\/p>\n\t\t\t\t\n\t\t<\/div>\n\t\t\n\t\t\t\t\t\n\t\t\t\t<div class=\"post-footer\">\n\t\t\n\t\t\t\n\t\t\t\t\t\t\t\n\t\n\t\n\t<ul class=\"social-share\">\n\n\t\t\t\t\t<li>\t\t\n\t\t<a href=\"#\" class=\"likes-count tsi tsi-heart-o\" data-id=\"2878\" title=\"\"><span class=\"number\">0<\/span><\/a>\n\t\t\n\t\t<\/li>\n\t\t\n\n\t\t\t\t\n\t\t\t<li>\n\t\t\t\t<a href=\"https:\/\/www.facebook.com\/sharer.php?u=https%3A%2F%2Ftest.lamoliciedeagullo.com%2F%3Fp%3D2878\" class=\"tsi tsi-facebook\" target=\"_blank\" title=\"Share on Facebook\"><\/a>\n\t\t\t<\/li>\n\t\t\t\t\n\t\t\t\t\n\t\t\t<li>\n\t\t\t\t<a href=\"https:\/\/twitter.com\/intent\/tweet?url=https%3A%2F%2Ftest.lamoliciedeagullo.com%2F%3Fp%3D2878&#038;text=%22Rec%28s%29eteando%20la%20cocina%20canaria%22%2C%20update%20de%20recetas%20tradicionales%20por%20Rosa%20Ventura\" class=\"tsi tsi-twitter\" target=\"_blank\" title=\"Share on Twitter\"><\/a>\n\t\t\t<\/li>\n\t\t\t\t\n\t\t\t\t\n\t\t\t<li>\n\t\t\t\t<a href=\"https:\/\/pinterest.com\/pin\/create\/button\/?url=https%3A%2F%2Ftest.lamoliciedeagullo.com%2F%3Fp%3D2878&#038;media=https%3A%2F%2Ftest.lamoliciedeagullo.com%2Fwp-content%2Fuploads%2F2022%2F06%2F20220604_141010_edited.jpg&#038;description=%22Rec%28s%29eteando%20la%20cocina%20canaria%22%2C%20update%20de%20recetas%20tradicionales%20por%20Rosa%20Ventura\" class=\"tsi tsi-pinterest-p\" target=\"_blank\" title=\"Pinterest\"><\/a>\n\t\t\t<\/li>\n\t\t\t\t\n\t\t\t\t\n\t\t\t<li>\n\t\t\t\t<a href=\"mailto:?subject=%22Rec%28s%29eteando%20la%20cocina%20canaria%22%2C%20update%20de%20recetas%20tradicionales%20por%20Rosa%20Ventura&#038;body=https%3A%2F%2Ftest.lamoliciedeagullo.com%2F%3Fp%3D2878\" class=\"tsi tsi-envelope-o\" target=\"_blank\" title=\"Email\"><\/a>\n\t\t\t<\/li>\n\t\t\t\t\n\t\t\n\t\t\n\t<\/ul>\n\n\t\t\t\t\t\t\t\t\n\t\t<\/div>\n\t\t\t\t\n\t<\/div> <!-- .content -->\n\n\t\n\t\t\n<\/article>\t\t\t\t\t<\/div>\n\t\t\t\t\t\n\t\t\t\t\t\t\t\t\t\n\t\t\t\t\t\t\n\t\t\t\t\t\n\t\t\t\t\t\t\n\t\t\t\t\t\t\n\t\t\t\t\t\t\t\t\n\t\t\t\t\t<div class=\"col-12\">\n\t\t\t\t\t\t\n<article id=\"post-2243\" class=\"list-post list-post-a\">\n\t\n\t<div class=\"post-thumb\">\n\n\t\t<a href=\"https:\/\/test.lamoliciedeagullo.com\/?p=2243\" class=\"image-link media-ratio ar-cheerup-list\"><span data-bgsrc=\"https:\/\/test.lamoliciedeagullo.com\/wp-content\/uploads\/2021\/01\/mojo-verde-2-768x512.jpg\" class=\"img bg-cover wp-post-image attachment-cheerup-768 size-cheerup-768 lazyload\" data-bgset=\"https:\/\/test.lamoliciedeagullo.com\/wp-content\/uploads\/2021\/01\/mojo-verde-2-768x512.jpg 768w, https:\/\/test.lamoliciedeagullo.com\/wp-content\/uploads\/2021\/01\/mojo-verde-2-300x200.jpg 300w, https:\/\/test.lamoliciedeagullo.com\/wp-content\/uploads\/2021\/01\/mojo-verde-2-450x300.jpg 450w, https:\/\/test.lamoliciedeagullo.com\/wp-content\/uploads\/2021\/01\/mojo-verde-2.jpg 1000w\" data-sizes=\"(max-width: 260px) 100vw, 260px\" role=\"img\" aria-label=\"Mojo verde. Foto: https:\/\/lapalmerarosa.com\/\"><\/span><\/a>\n\t\t\n\t\t\n\t\t\t<\/div>\n\n\n\t<div class=\"content\">\n\t\n\t\t<div class=\"post-meta post-meta-a post-meta-left\"><div class=\"meta-above\"><span class=\"post-cat\">\n\t\t\t\t\t\t\n\t\t\t\t\t\t<a href=\"https:\/\/test.lamoliciedeagullo.com\/?cat=29\" class=\"category\" rel=\"category\">Recetas<\/a>\n\t\t\t\t\t<\/span>\n\t\t\t\t\t <span class=\"meta-sep\"><\/span> <a href=\"https:\/\/test.lamoliciedeagullo.com\/?p=2243\" class=\"meta-item date-link\">\n\t\t\t\t\t\t<time class=\"post-date\" datetime=\"2021-01-29T14:00:47+00:00\">29 enero 2021<\/time>\n\t\t\t\t\t<\/a><\/div><h2 class=\"is-title post-title\"><a href=\"https:\/\/test.lamoliciedeagullo.com\/?p=2243\">Mojos canarios: recetas definitivas<\/a><\/h2><\/div>\t\t\n\t\t\t\t\n\t\t<div class=\"post-content post-excerpt cf\">\n\t\t\t\t\t\n\t\t\t<p>Son muchos quienes me piden las recetas de los famosos mojos canarios. Pues bien, hoy copio aqu\u00ed las recetas de Rosa, cuya web lapalmera&hellip;<\/p>\n\t\t\t\t\n\t\t<\/div>\n\t\t\n\t\t\t\t\t\n\t\t\t\t<div class=\"post-footer\">\n\t\t\n\t\t\t\n\t\t\t\t\t\t\t\n\t\n\t\n\t<ul class=\"social-share\">\n\n\t\t\t\t\t<li>\t\t\n\t\t<a href=\"#\" class=\"likes-count tsi tsi-heart-o\" data-id=\"2243\" title=\"\"><span class=\"number\">0<\/span><\/a>\n\t\t\n\t\t<\/li>\n\t\t\n\n\t\t\t\t\n\t\t\t<li>\n\t\t\t\t<a href=\"https:\/\/www.facebook.com\/sharer.php?u=https%3A%2F%2Ftest.lamoliciedeagullo.com%2F%3Fp%3D2243\" class=\"tsi tsi-facebook\" target=\"_blank\" title=\"Share on Facebook\"><\/a>\n\t\t\t<\/li>\n\t\t\t\t\n\t\t\t\t\n\t\t\t<li>\n\t\t\t\t<a href=\"https:\/\/twitter.com\/intent\/tweet?url=https%3A%2F%2Ftest.lamoliciedeagullo.com%2F%3Fp%3D2243&#038;text=Mojos%20canarios%3A%20recetas%20definitivas\" class=\"tsi tsi-twitter\" target=\"_blank\" title=\"Share on Twitter\"><\/a>\n\t\t\t<\/li>\n\t\t\t\t\n\t\t\t\t\n\t\t\t<li>\n\t\t\t\t<a href=\"https:\/\/pinterest.com\/pin\/create\/button\/?url=https%3A%2F%2Ftest.lamoliciedeagullo.com%2F%3Fp%3D2243&#038;media=https%3A%2F%2Ftest.lamoliciedeagullo.com%2Fwp-content%2Fuploads%2F2021%2F01%2Fmojo-verde-2.jpg&#038;description=Mojos%20canarios%3A%20recetas%20definitivas\" class=\"tsi tsi-pinterest-p\" target=\"_blank\" title=\"Pinterest\"><\/a>\n\t\t\t<\/li>\n\t\t\t\t\n\t\t\t\t\n\t\t\t<li>\n\t\t\t\t<a href=\"mailto:?subject=Mojos%20canarios%3A%20recetas%20definitivas&#038;body=https%3A%2F%2Ftest.lamoliciedeagullo.com%2F%3Fp%3D2243\" class=\"tsi tsi-envelope-o\" target=\"_blank\" title=\"Email\"><\/a>\n\t\t\t<\/li>\n\t\t\t\t\n\t\t\n\t\t\n\t<\/ul>\n\n\t\t\t\t\t\t\t\t\n\t\t<\/div>\n\t\t\t\t\n\t<\/div> <!-- .content -->\n\n\t\n\t\t\n<\/article>\t\t\t\t\t<\/div>\n\t\t\t\t\t\n\t\t\t\t\t\t\t\t\t\n\t\t\t\t\t\t\n\t\t\t\t\t\n\t\t\t\t\t\t\n\t\t\t\t\t\t\n\t\t\t\t\t\t\t\t\n\t\t\t\t\t<div class=\"col-12\">\n\t\t\t\t\t\t\n<article id=\"post-2236\" class=\"list-post list-post-a\">\n\t\n\t<div class=\"post-thumb\">\n\n\t\t<a href=\"https:\/\/test.lamoliciedeagullo.com\/?p=2236\" class=\"image-link media-ratio ar-cheerup-list\"><span data-bgsrc=\"https:\/\/test.lamoliciedeagullo.com\/wp-content\/uploads\/2021\/01\/Robeerto-Ruiz_edited.jpg\" class=\"img bg-cover wp-post-image attachment-large size-large lazyload\" data-bgset=\"https:\/\/test.lamoliciedeagullo.com\/wp-content\/uploads\/2021\/01\/Robeerto-Ruiz_edited.jpg 449w, https:\/\/test.lamoliciedeagullo.com\/wp-content\/uploads\/2021\/01\/Robeerto-Ruiz_edited-300x171.jpg 300w\" data-sizes=\"(max-width: 260px) 100vw, 260px\" role=\"img\" aria-label=\"Roberto Ruiz. Hika. Villabona. Euskadi.\"><\/span><\/a>\n\t\t\n\t\t\n\t\t\t<\/div>\n\n\n\t<div class=\"content\">\n\t\n\t\t<div class=\"post-meta post-meta-a post-meta-left\"><div class=\"meta-above\"><span class=\"post-cat\">\n\t\t\t\t\t\t\n\t\t\t\t\t\t<a href=\"https:\/\/test.lamoliciedeagullo.com\/?cat=29\" class=\"category\" rel=\"category\">Recetas<\/a>\n\t\t\t\t\t<\/span>\n\t\t\t\t\t <span class=\"meta-sep\"><\/span> <a href=\"https:\/\/test.lamoliciedeagullo.com\/?p=2236\" class=\"meta-item date-link\">\n\t\t\t\t\t\t<time class=\"post-date\" datetime=\"2021-01-20T10:34:34+00:00\">20 enero 2021<\/time>\n\t\t\t\t\t<\/a><\/div><h2 class=\"is-title post-title\"><a href=\"https:\/\/test.lamoliciedeagullo.com\/?p=2236\">Las alubias de Tolosa de Roberto Ruiz<\/a><\/h2><\/div>\t\t\n\t\t\t\t\n\t\t<div class=\"post-content post-excerpt cf\">\n\t\t\t\t\t\n\t\t\t<p>Con estos fr\u00edos rampantes, se me ocurri\u00f3 pedirle al gran Roberto Ruiz (Hika, Villabona) su famosa receta de alubias de Tolosa. Pues bien, aqu\u00ed&hellip;<\/p>\n\t\t\t\t\n\t\t<\/div>\n\t\t\n\t\t\t\t\t\n\t\t\t\t<div class=\"post-footer\">\n\t\t\n\t\t\t\n\t\t\t\t\t\t\t\n\t\n\t\n\t<ul class=\"social-share\">\n\n\t\t\t\t\t<li>\t\t\n\t\t<a href=\"#\" class=\"likes-count tsi tsi-heart-o\" data-id=\"2236\" title=\"\"><span class=\"number\">1<\/span><\/a>\n\t\t\n\t\t<\/li>\n\t\t\n\n\t\t\t\t\n\t\t\t<li>\n\t\t\t\t<a href=\"https:\/\/www.facebook.com\/sharer.php?u=https%3A%2F%2Ftest.lamoliciedeagullo.com%2F%3Fp%3D2236\" class=\"tsi tsi-facebook\" target=\"_blank\" title=\"Share on Facebook\"><\/a>\n\t\t\t<\/li>\n\t\t\t\t\n\t\t\t\t\n\t\t\t<li>\n\t\t\t\t<a href=\"https:\/\/twitter.com\/intent\/tweet?url=https%3A%2F%2Ftest.lamoliciedeagullo.com%2F%3Fp%3D2236&#038;text=Las%20alubias%20de%20Tolosa%20de%20Roberto%20Ruiz\" class=\"tsi tsi-twitter\" target=\"_blank\" title=\"Share on Twitter\"><\/a>\n\t\t\t<\/li>\n\t\t\t\t\n\t\t\t\t\n\t\t\t<li>\n\t\t\t\t<a href=\"https:\/\/pinterest.com\/pin\/create\/button\/?url=https%3A%2F%2Ftest.lamoliciedeagullo.com%2F%3Fp%3D2236&#038;media=https%3A%2F%2Ftest.lamoliciedeagullo.com%2Fwp-content%2Fuploads%2F2021%2F01%2FRobeerto-Ruiz_edited.jpg&#038;description=Las%20alubias%20de%20Tolosa%20de%20Roberto%20Ruiz\" class=\"tsi tsi-pinterest-p\" target=\"_blank\" title=\"Pinterest\"><\/a>\n\t\t\t<\/li>\n\t\t\t\t\n\t\t\t\t\n\t\t\t<li>\n\t\t\t\t<a href=\"mailto:?subject=Las%20alubias%20de%20Tolosa%20de%20Roberto%20Ruiz&#038;body=https%3A%2F%2Ftest.lamoliciedeagullo.com%2F%3Fp%3D2236\" class=\"tsi tsi-envelope-o\" target=\"_blank\" title=\"Email\"><\/a>\n\t\t\t<\/li>\n\t\t\t\t\n\t\t\n\t\t\n\t<\/ul>\n\n\t\t\t\t\t\t\t\t\n\t\t<\/div>\n\t\t\t\t\n\t<\/div> <!-- .content -->\n\n\t\n\t\t\n<\/article>\t\t\t\t\t<\/div>\n\t\t\t\t\t\n\t\t\t\t\t\t\t\t\t\n\t\t\t\t\t\t\n\t\t\t\t\t\n\t\t\t\t\t\t\n\t\t\t\t\t\t\n\t\t\t\t\t\t\t\t\n\t\t\t\t\t<div class=\"col-12\">\n\t\t\t\t\t\t\n<article id=\"post-1240\" class=\"list-post list-post-a\">\n\t\n\t<div class=\"post-thumb\">\n\n\t\t<a href=\"https:\/\/test.lamoliciedeagullo.com\/?p=1240\" class=\"image-link media-ratio ar-cheerup-list\"><span data-bgsrc=\"https:\/\/test.lamoliciedeagullo.com\/wp-content\/uploads\/2020\/01\/Torta-del-Casar-1024x577.jpg\" class=\"img bg-cover wp-post-image attachment-large size-large lazyload\" data-bgset=\"https:\/\/test.lamoliciedeagullo.com\/wp-content\/uploads\/2020\/01\/Torta-del-Casar-1024x577.jpg 1024w, https:\/\/test.lamoliciedeagullo.com\/wp-content\/uploads\/2020\/01\/Torta-del-Casar-300x169.jpg 300w, https:\/\/test.lamoliciedeagullo.com\/wp-content\/uploads\/2020\/01\/Torta-del-Casar-768x433.jpg 768w, https:\/\/test.lamoliciedeagullo.com\/wp-content\/uploads\/2020\/01\/Torta-del-Casar-710x400.jpg 710w, https:\/\/test.lamoliciedeagullo.com\/wp-content\/uploads\/2020\/01\/Torta-del-Casar.jpg 2000w\" data-sizes=\"(max-width: 260px) 100vw, 260px\" role=\"img\" aria-label=\"Torta del Casar\"><\/span><\/a>\n\t\t\n\t\t\n\t\t\t<\/div>\n\n\n\t<div class=\"content\">\n\t\n\t\t<div class=\"post-meta post-meta-a post-meta-left\"><div class=\"meta-above\"><span class=\"post-cat\">\n\t\t\t\t\t\t\n\t\t\t\t\t\t<a href=\"https:\/\/test.lamoliciedeagullo.com\/?cat=29\" class=\"category\" rel=\"category\">Recetas<\/a>\n\t\t\t\t\t<\/span>\n\t\t\t\t\t <span class=\"meta-sep\"><\/span> <a href=\"https:\/\/test.lamoliciedeagullo.com\/?p=1240\" class=\"meta-item date-link\">\n\t\t\t\t\t\t<time class=\"post-date\" datetime=\"2020-01-28T20:15:54+00:00\">28 enero 2020<\/time>\n\t\t\t\t\t<\/a><\/div><h2 class=\"is-title post-title\"><a href=\"https:\/\/test.lamoliciedeagullo.com\/?p=1240\">Torta del Casar con macarrones a la gamberra<\/a><\/h2><\/div>\t\t\n\t\t\t\t\n\t\t<div class=\"post-content post-excerpt cf\">\n\t\t\t\t\t\n\t\t\t<p>No hay nada como transgredir. Hacer gamberradas. Eso es muy f\u00e1cil en la cocina, porque, al fin y al cabo, nosotros mismos, y acaso&hellip;<\/p>\n\t\t\t\t\n\t\t<\/div>\n\t\t\n\t\t\t\t\t\n\t\t\t\t<div class=\"post-footer\">\n\t\t\n\t\t\t\n\t\t\t\t\t\t\t\n\t\n\t\n\t<ul class=\"social-share\">\n\n\t\t\t\t\t<li>\t\t\n\t\t<a href=\"#\" class=\"likes-count tsi tsi-heart-o\" data-id=\"1240\" title=\"\"><span class=\"number\">1<\/span><\/a>\n\t\t\n\t\t<\/li>\n\t\t\n\n\t\t\t\t\n\t\t\t<li>\n\t\t\t\t<a href=\"https:\/\/www.facebook.com\/sharer.php?u=https%3A%2F%2Ftest.lamoliciedeagullo.com%2F%3Fp%3D1240\" class=\"tsi tsi-facebook\" target=\"_blank\" title=\"Share on Facebook\"><\/a>\n\t\t\t<\/li>\n\t\t\t\t\n\t\t\t\t\n\t\t\t<li>\n\t\t\t\t<a href=\"https:\/\/twitter.com\/intent\/tweet?url=https%3A%2F%2Ftest.lamoliciedeagullo.com%2F%3Fp%3D1240&#038;text=Torta%20del%20Casar%20con%20macarrones%20a%20la%20gamberra\" class=\"tsi tsi-twitter\" target=\"_blank\" title=\"Share on Twitter\"><\/a>\n\t\t\t<\/li>\n\t\t\t\t\n\t\t\t\t\n\t\t\t<li>\n\t\t\t\t<a href=\"https:\/\/pinterest.com\/pin\/create\/button\/?url=https%3A%2F%2Ftest.lamoliciedeagullo.com%2F%3Fp%3D1240&#038;media=https%3A%2F%2Ftest.lamoliciedeagullo.com%2Fwp-content%2Fuploads%2F2020%2F01%2FTorta-del-Casar.jpg&#038;description=Torta%20del%20Casar%20con%20macarrones%20a%20la%20gamberra\" class=\"tsi tsi-pinterest-p\" target=\"_blank\" title=\"Pinterest\"><\/a>\n\t\t\t<\/li>\n\t\t\t\t\n\t\t\t\t\n\t\t\t<li>\n\t\t\t\t<a href=\"mailto:?subject=Torta%20del%20Casar%20con%20macarrones%20a%20la%20gamberra&#038;body=https%3A%2F%2Ftest.lamoliciedeagullo.com%2F%3Fp%3D1240\" class=\"tsi tsi-envelope-o\" target=\"_blank\" title=\"Email\"><\/a>\n\t\t\t<\/li>\n\t\t\t\t\n\t\t\n\t\t\n\t<\/ul>\n\n\t\t\t\t\t\t\t\t\n\t\t<\/div>\n\t\t\t\t\n\t<\/div> <!-- .content -->\n\n\t\n\t\t\n<\/article>\t\t\t\t\t<\/div>\n\t\t\t\t\t\n\t\t\t\t\t\t\t\t\t\n\t\t\t\t\t\t\n\t\t\t\t\n\t\t<\/div>\n\t<\/div>\n\t\n\t\n\t\n\n\t<nav class=\"main-pagination number\">\n\t\t\n\t\t\t\t\n\t\t\t\t\n\t<\/nav>\n\n\n\t\t<\/div>\n\t\n\t<\/section>\n\n[\/vc_column][\/vc_row]<\/p>\n","protected":false},"excerpt":{"rendered":"<p>[vc_row][vc_column][\/vc_column][\/vc_row]<\/p>\n","protected":false},"author":1,"featured_media":0,"parent":0,"menu_order":0,"comment_status":"closed","ping_status":"closed","template":"page-blocks.php","meta":{"_monsterinsights_skip_tracking":false,"_monsterinsights_sitenote_active":false,"_monsterinsights_sitenote_note":"","_monsterinsights_sitenote_category":0,"footnotes":""},"_links":{"self":[{"href":"https:\/\/test.lamoliciedeagullo.com\/index.php?rest_route=\/wp\/v2\/pages\/1031"}],"collection":[{"href":"https:\/\/test.lamoliciedeagullo.com\/index.php?rest_route=\/wp\/v2\/pages"}],"about":[{"href":"https:\/\/test.lamoliciedeagullo.com\/index.php?rest_route=\/wp\/v2\/types\/page"}],"author":[{"embeddable":true,"href":"https:\/\/test.lamoliciedeagullo.com\/index.php?rest_route=\/wp\/v2\/users\/1"}],"replies":[{"embeddable":true,"href":"https:\/\/test.lamoliciedeagullo.com\/index.php?rest_route=%2Fwp%2Fv2%2Fcomments&post=1031"}],"version-history":[{"count":5,"href":"https:\/\/test.lamoliciedeagullo.com\/index.php?rest_route=\/wp\/v2\/pages\/1031\/revisions"}],"predecessor-version":[{"id":1508,"href":"https:\/\/test.lamoliciedeagullo.com\/index.php?rest_route=\/wp\/v2\/pages\/1031\/revisions\/1508"}],"wp:attachment":[{"href":"https:\/\/test.lamoliciedeagullo.com\/index.php?rest_route=%2Fwp%2Fv2%2Fmedia&parent=1031"}],"curies":[{"name":"wp","href":"https:\/\/api.w.org\/{rel}","templated":true}]}}