{"id":334,"date":"2016-05-24T22:37:50","date_gmt":"2016-05-24T22:37:50","guid":{"rendered":"https:\/\/cheerup.theme-sphere.com\/trendy\/?page_id=334"},"modified":"2020-07-11T08:54:23","modified_gmt":"2020-07-11T08:54:23","slug":"xavier-agullo","status":"publish","type":"page","link":"https:\/\/test.lamoliciedeagullo.com\/?page_id=334","title":{"rendered":"Sobre m\u00ed"},"content":{"rendered":"<section class=\"bio inset\">\n<h3>Xavier Agull\u00f3<br \/>\nPeriodista y escritor gastron\u00f3mico; consultor de comunicaci\u00f3n y gastronom\u00eda<\/h3>\n<p><strong><br \/>\n<\/strong>Periodista, escritor, cr\u00edtico gastron\u00f3mico, empresario de comunicaci\u00f3n y estrategias gastron\u00f3micas, asesor de hosteler\u00eda y organizador de eventos enoculinarios de \u00e1mbito nacional e internacional.<\/p>\n<p>Formado en diarios (Diario de Barcelona y El Peri\u00f3dico de Catalunya), revistas (Grupo Zeta), radio (Cadena Catalana y Radio Barcelona) (TVE y Antena 3) y TV.<\/p>\n<p>Es cr\u00edtico gastron\u00f3mico del diario El Mundo y colabora con diversas publicaciones nacionales e internacionales como 7can\u00edbales, Vinos y Restaurantes, Cook Inc., Traveler\u2026<\/p>\n<p>Es colaborador del <em>talent team<\/em> de Grup Gsr (San Sebastian Gastronomika, Alimentaria, Tast a La Rambla, Mercat de Mercats\u2026).<\/p>\n<p>Es codirector de <a href=\"https:\/\/platanovolador.com\">Pl\u00e1tano Volador<\/a>, empresa de dise\u00f1o de estrategias gastron\u00f3micas y de comunicaci\u00f3n para instituciones y el sector privado.<\/p>\n<p>Con ella es, entre muchos otros eventos canarios y nacionales, organizador del International Food Writers Meeting en Lanzarote (2019 y 2019) y del Congreso de Periodistas Gastron\u00f3micos Canarios, tambi\u00e9n en Lanzarote.<\/p>\n<p>Premio Nacional de Gastronom\u00eda 2006 (Mejor Labor Period\u00edstica)<br \/>\nPremio Nacional de Gastronom\u00eda 2009 (como miembro del equipo de Metr\u00f3poli-El Mundo)<br \/>\nPremio Nacional de Gastronom\u00eda 2017 (como fundador y miembro de la web 7can\u00edbales.com)<br \/>\nTodos ellos, por la Real Academia de Gastronom\u00eda de Espa\u00f1a.<\/p>\n<p>Premio internacional Periodismo Gastron\u00f3mico Pau Albaor\u00e0 i Torras de San SEbasti\u00e1n Gastron\u00f3mika 2016<\/p>\n<p>Est\u00e1 clasificado en los primeros puestos del ranking Top 100 Influencers eFood.<\/p>\n<\/section>\n","protected":false},"excerpt":{"rendered":"<p>Xavier Agull\u00f3 Periodista y escritor gastron\u00f3mico; consultor de comunicaci\u00f3n y gastronom\u00eda Periodista, escritor, cr\u00edtico gastron\u00f3mico, empresario de comunicaci\u00f3n y estrategias gastron\u00f3micas, asesor de hosteler\u00eda y organizador de eventos enoculinarios de \u00e1mbito nacional e internacional. Formado en diarios (Diario de Barcelona y El Peri\u00f3dico de Catalunya), revistas (Grupo Zeta), radio (Cadena Catalana y Radio Barcelona) (TVE <\/p>\n","protected":false},"author":1,"featured_media":1355,"parent":0,"menu_order":0,"comment_status":"closed","ping_status":"closed","template":"","meta":{"_monsterinsights_skip_tracking":false,"_monsterinsights_sitenote_active":false,"_monsterinsights_sitenote_note":"","_monsterinsights_sitenote_category":0,"footnotes":""},"_links":{"self":[{"href":"https:\/\/test.lamoliciedeagullo.com\/index.php?rest_route=\/wp\/v2\/pages\/334"}],"collection":[{"href":"https:\/\/test.lamoliciedeagullo.com\/index.php?rest_route=\/wp\/v2\/pages"}],"about":[{"href":"https:\/\/test.lamoliciedeagullo.com\/index.php?rest_route=\/wp\/v2\/types\/page"}],"author":[{"embeddable":true,"href":"https:\/\/test.lamoliciedeagullo.com\/index.php?rest_route=\/wp\/v2\/users\/1"}],"replies":[{"embeddable":true,"href":"https:\/\/test.lamoliciedeagullo.com\/index.php?rest_route=%2Fwp%2Fv2%2Fcomments&post=334"}],"version-history":[{"count":11,"href":"https:\/\/test.lamoliciedeagullo.com\/index.php?rest_route=\/wp\/v2\/pages\/334\/revisions"}],"predecessor-version":[{"id":1769,"href":"https:\/\/test.lamoliciedeagullo.com\/index.php?rest_route=\/wp\/v2\/pages\/334\/revisions\/1769"}],"wp:featuredmedia":[{"embeddable":true,"href":"https:\/\/test.lamoliciedeagullo.com\/index.php?rest_route=\/wp\/v2\/media\/1355"}],"wp:attachment":[{"href":"https:\/\/test.lamoliciedeagullo.com\/index.php?rest_route=%2Fwp%2Fv2%2Fmedia&parent=334"}],"curies":[{"name":"wp","href":"https:\/\/api.w.org\/{rel}","templated":true}]}}